{"id":1356,"date":"2024-06-13T14:13:16","date_gmt":"2024-06-13T14:13:16","guid":{"rendered":"https:\/\/www.advecco.at\/?page_id=1356"},"modified":"2024-06-13T14:25:47","modified_gmt":"2024-06-13T14:25:47","slug":"cookies","status":"publish","type":"page","link":"https:\/\/www.advecco.at\/en\/cookies\/","title":{"rendered":"Cookies"},"content":{"rendered":"<div data-elementor-type=\"wp-page\" data-elementor-id=\"1356\" class=\"elementor elementor-1356\">\n\t\t\t\t<div class=\"elementor-element elementor-element-007f24b e-flex e-con-boxed e-con e-parent\" data-id=\"007f24b\" data-element_type=\"container\">\n\t\t\t\t\t<div class=\"e-con-inner\">\n\t\t\t\t<div class=\"elementor-element elementor-element-643a813 elementor-widget elementor-widget-text-editor\" data-id=\"643a813\" data-element_type=\"widget\" data-widget_type=\"text-editor.default\">\n\t\t\t\t<div class=\"elementor-widget-container\">\n\t\t\t\t\t\t\t\t\t<p>Unsere Website verwendet Cookies, um die Benutzererfahrung zu verbessern und bestimmte<br \/>Funktionen zu erm\u00f6glichen. Cookies sind kleine Textdateien, die auf Ihrem Endger\u00e4t<br \/>gespeichert werden und die eine Analyse der Benutzung der Website durch Sie erm\u00f6glichen.<br \/><br \/><\/p>\t\t\t\t\t\t\t\t<\/div>\n\t\t\t\t<\/div>\n\t\t\t\t\t<\/div>\n\t\t\t\t<\/div>\n\t\t<div class=\"elementor-element elementor-element-1803a427 e-flex e-con-boxed e-con e-parent\" data-id=\"1803a427\" data-element_type=\"container\">\n\t\t\t\t\t<div class=\"e-con-inner\">\n\t\t\t\t<div class=\"elementor-element elementor-element-125f95f6 elementor-widget elementor-widget-heading\" data-id=\"125f95f6\" data-element_type=\"widget\" data-widget_type=\"heading.default\">\n\t\t\t\t<div class=\"elementor-widget-container\">\n\t\t\t\t\t<h2 class=\"elementor-heading-title elementor-size-default\">Arten von Cookies<\/h2>\t\t\t\t<\/div>\n\t\t\t\t<\/div>\n\t\t\t\t<div class=\"elementor-element elementor-element-60dbc4ee elementor-widget elementor-widget-text-editor\" data-id=\"60dbc4ee\" data-element_type=\"widget\" data-widget_type=\"text-editor.default\">\n\t\t\t\t<div class=\"elementor-widget-container\">\n\t\t\t\t\t\t\t\t\t<ul><li>1. Notwendige Cookies<br \/>Diese Cookies sind erforderlich, um die grundlegenden Funktionen der Website zu<br \/>gew\u00e4hrleisten.<br \/>2. Funktionale Cookies<br \/>Diese Cookies erm\u00f6glichen es uns, die Nutzung der Website zu analysieren und die<br \/>Leistung zu messen, um die Benutzererfahrung zu verbessern.<br \/>3. Marketing-Cookies<br \/>Diese Cookies werden verwendet, um Ihnen personalisierte Werbung anzuzeigen, die<br \/>Ihren Interessen entspricht.<\/li><\/ul>\t\t\t\t\t\t\t\t<\/div>\n\t\t\t\t<\/div>\n\t\t\t\t\t<\/div>\n\t\t\t\t<\/div>\n\t\t<div class=\"elementor-element elementor-element-7afd2d87 e-flex e-con-boxed e-con e-parent\" data-id=\"7afd2d87\" data-element_type=\"container\">\n\t\t\t\t\t<div class=\"e-con-inner\">\n\t\t\t\t<div class=\"elementor-element elementor-element-3ab1b43f elementor-widget elementor-widget-heading\" data-id=\"3ab1b43f\" data-element_type=\"widget\" data-widget_type=\"heading.default\">\n\t\t\t\t<div class=\"elementor-widget-container\">\n\t\t\t\t\t<h2 class=\"elementor-heading-title elementor-size-default\">Verwendung von Cookies<\/h2>\t\t\t\t<\/div>\n\t\t\t\t<\/div>\n\t\t\t\t<div class=\"elementor-element elementor-element-66d4f991 elementor-widget elementor-widget-text-editor\" data-id=\"66d4f991\" data-element_type=\"widget\" data-widget_type=\"text-editor.default\">\n\t\t\t\t<div class=\"elementor-widget-container\">\n\t\t\t\t\t\t\t\t\t<p>Wir verwenden Cookies, um:<br \/><br \/>&#8211;\u00a0 \u00a0Die Navigation und Nutzung unserer Website zu &#8211;\u00a0 erleichtern.<br \/>&#8211;\u00a0 \u00a0Die Sicherheit und Integrit\u00e4t der Website zu gew\u00e4hrleisten.<br \/>&#8211;\u00a0 \u00a0Statistische Daten zur Nutzung unserer Website zu sammeln.<br \/>&#8211;\u00a0 \u00a0Marketingma\u00dfnahmen zu personalisieren.<\/p>\t\t\t\t\t\t\t\t<\/div>\n\t\t\t\t<\/div>\n\t\t\t\t\t<\/div>\n\t\t\t\t<\/div>\n\t\t<div class=\"elementor-element elementor-element-1cbc08a8 e-flex e-con-boxed e-con e-parent\" data-id=\"1cbc08a8\" data-element_type=\"container\">\n\t\t\t\t\t<div class=\"e-con-inner\">\n\t\t\t\t<div class=\"elementor-element elementor-element-1b682c2b elementor-widget elementor-widget-heading\" data-id=\"1b682c2b\" data-element_type=\"widget\" data-widget_type=\"heading.default\">\n\t\t\t\t<div class=\"elementor-widget-container\">\n\t\t\t\t\t<h2 class=\"elementor-heading-title elementor-size-default\">Verwaltung von Cookies<\/h2>\t\t\t\t<\/div>\n\t\t\t\t<\/div>\n\t\t\t\t<div class=\"elementor-element elementor-element-37b2dfd7 elementor-widget elementor-widget-text-editor\" data-id=\"37b2dfd7\" data-element_type=\"widget\" data-widget_type=\"text-editor.default\">\n\t\t\t\t<div class=\"elementor-widget-container\">\n\t\t\t\t\t\t\t\t\t<p>Sie k\u00f6nnen Cookies \u00fcber Ihre Browser-Einstellungen verwalten und l\u00f6schen. Bitte beachten<br \/>Sie, dass die Deaktivierung bestimmter Cookies die Funktionalit\u00e4t unserer Website<br \/>einschr\u00e4nken kann.<\/p>\t\t\t\t\t\t\t\t<\/div>\n\t\t\t\t<\/div>\n\t\t\t\t\t<\/div>\n\t\t\t\t<\/div>\n\t\t<div class=\"elementor-element elementor-element-7ee09eb8 e-flex e-con-boxed e-con e-parent\" data-id=\"7ee09eb8\" data-element_type=\"container\">\n\t\t\t\t\t<div class=\"e-con-inner\">\n\t\t\t\t<div class=\"elementor-element elementor-element-455b73d4 elementor-widget elementor-widget-heading\" data-id=\"455b73d4\" data-element_type=\"widget\" data-widget_type=\"heading.default\">\n\t\t\t\t<div class=\"elementor-widget-container\">\n\t\t\t\t\t<h2 class=\"elementor-heading-title elementor-size-default\">Einwilligung<\/h2>\t\t\t\t<\/div>\n\t\t\t\t<\/div>\n\t\t\t\t<div class=\"elementor-element elementor-element-696048c elementor-widget elementor-widget-text-editor\" data-id=\"696048c\" data-element_type=\"widget\" data-widget_type=\"text-editor.default\">\n\t\t\t\t<div class=\"elementor-widget-container\">\n\t\t\t\t\t\t\t\t\t<p>Mit der Nutzung unserer Website erkl\u00e4ren Sie sich mit der Verwendung von Cookies<br \/>einverstanden, soweit diese f\u00fcr den Betrieb der Website notwendig sind. F\u00fcr alle anderen<br \/>Cookies holen wir Ihre ausdr\u00fcckliche Einwilligung ein.<\/p>\t\t\t\t\t\t\t\t<\/div>\n\t\t\t\t<\/div>\n\t\t\t\t\t<\/div>\n\t\t\t\t<\/div>\n\t\t<div class=\"elementor-element elementor-element-61acf05a e-flex e-con-boxed e-con e-parent\" data-id=\"61acf05a\" data-element_type=\"container\">\n\t\t\t\t\t<div class=\"e-con-inner\">\n\t\t\t\t<div class=\"elementor-element elementor-element-147ac6e3 elementor-widget elementor-widget-heading\" data-id=\"147ac6e3\" data-element_type=\"widget\" data-widget_type=\"heading.default\">\n\t\t\t\t<div class=\"elementor-widget-container\">\n\t\t\t\t\t<h2 class=\"elementor-heading-title elementor-size-default\">Widerruf der Einwilligung<\/h2>\t\t\t\t<\/div>\n\t\t\t\t<\/div>\n\t\t\t\t<div class=\"elementor-element elementor-element-4ed92b1e elementor-widget elementor-widget-text-editor\" data-id=\"4ed92b1e\" data-element_type=\"widget\" data-widget_type=\"text-editor.default\">\n\t\t\t\t<div class=\"elementor-widget-container\">\n\t\t\t\t\t\t\t\t\t<p>Sie k\u00f6nnen Ihre Einwilligung zur Nutzung von Cookies jederzeit widerrufen, indem Sie die<br \/>entsprechenden Einstellungen in Ihrem Browser \u00e4ndern oder den Opt-out-Links folgen, die in<br \/>unserer Cookie-Richtlinie angegeben sind.<\/p>\t\t\t\t\t\t\t\t<\/div>\n\t\t\t\t<\/div>\n\t\t\t\t\t<\/div>\n\t\t\t\t<\/div>\n\t\t\t\t<\/div>","protected":false},"excerpt":{"rendered":"<p>Unsere Website verwendet Cookies, um die Benutzererfahrung zu verbessern und bestimmteFunktionen zu erm\u00f6glichen. Cookies sind kleine Textdateien, die auf Ihrem Endger\u00e4tgespeichert werden und die eine Analyse der Benutzung der Website durch Sie erm\u00f6glichen. Arten von Cookies 1. Notwendige CookiesDiese Cookies sind erforderlich, um die grundlegenden Funktionen der Website zugew\u00e4hrleisten.2. Funktionale CookiesDiese Cookies erm\u00f6glichen es uns,&#8230;<\/p>","protected":false},"author":1,"featured_media":0,"parent":0,"menu_order":0,"comment_status":"closed","ping_status":"closed","template":"","meta":{"footnotes":""},"class_list":["post-1356","page","type-page","status-publish","hentry"],"yoast_head":"<!-- This site is optimized with the Yoast SEO plugin v26.5 - https:\/\/yoast.com\/wordpress\/plugins\/seo\/ -->\n<title>Cookies - A D V E C C O<\/title>\n<meta name=\"robots\" content=\"index, follow, max-snippet:-1, max-image-preview:large, max-video-preview:-1\" \/>\n<link rel=\"canonical\" href=\"https:\/\/www.advecco.at\/en\/cookies\/\" \/>\n<meta property=\"og:locale\" content=\"en_GB\" \/>\n<meta property=\"og:type\" content=\"article\" \/>\n<meta property=\"og:title\" content=\"Cookies - A D V E C C O\" \/>\n<meta property=\"og:description\" content=\"Unsere Website verwendet Cookies, um die Benutzererfahrung zu verbessern und bestimmteFunktionen zu erm\u00f6glichen. Cookies sind kleine Textdateien, die auf Ihrem Endger\u00e4tgespeichert werden und die eine Analyse der Benutzung der Website durch Sie erm\u00f6glichen. Arten von Cookies 1. Notwendige CookiesDiese Cookies sind erforderlich, um die grundlegenden Funktionen der Website zugew\u00e4hrleisten.2. Funktionale CookiesDiese Cookies erm\u00f6glichen es uns,...\" \/>\n<meta property=\"og:url\" content=\"https:\/\/www.advecco.at\/en\/cookies\/\" \/>\n<meta property=\"og:site_name\" content=\"A D V E C C O\" \/>\n<meta property=\"article:modified_time\" content=\"2024-06-13T14:25:47+00:00\" \/>\n<meta name=\"twitter:card\" content=\"summary_large_image\" \/>\n<meta name=\"twitter:label1\" content=\"Estimated reading time\" \/>\n\t<meta name=\"twitter:data1\" content=\"2 minutes\" \/>\n<script type=\"application\/ld+json\" class=\"yoast-schema-graph\">{\"@context\":\"https:\/\/schema.org\",\"@graph\":[{\"@type\":\"WebPage\",\"@id\":\"https:\/\/www.advecco.at\/cookies\/\",\"url\":\"https:\/\/www.advecco.at\/cookies\/\",\"name\":\"Cookies - A D V E C C O\",\"isPartOf\":{\"@id\":\"https:\/\/www.advecco.at\/#website\"},\"datePublished\":\"2024-06-13T14:13:16+00:00\",\"dateModified\":\"2024-06-13T14:25:47+00:00\",\"breadcrumb\":{\"@id\":\"https:\/\/www.advecco.at\/cookies\/#breadcrumb\"},\"inLanguage\":\"en-GB\",\"potentialAction\":[{\"@type\":\"ReadAction\",\"target\":[\"https:\/\/www.advecco.at\/cookies\/\"]}]},{\"@type\":\"BreadcrumbList\",\"@id\":\"https:\/\/www.advecco.at\/cookies\/#breadcrumb\",\"itemListElement\":[{\"@type\":\"ListItem\",\"position\":1,\"name\":\"Home\",\"item\":\"https:\/\/www.advecco.at\/\"},{\"@type\":\"ListItem\",\"position\":2,\"name\":\"Cookies\"}]},{\"@type\":\"WebSite\",\"@id\":\"https:\/\/www.advecco.at\/#website\",\"url\":\"https:\/\/www.advecco.at\/\",\"name\":\"A D V E C C O\",\"description\":\"\",\"publisher\":{\"@id\":\"https:\/\/www.advecco.at\/#\/schema\/person\/d5111723428f49d1e1b495337568ba8e\"},\"alternateName\":\"https:\/\/www.advecco.at\/\",\"potentialAction\":[{\"@type\":\"SearchAction\",\"target\":{\"@type\":\"EntryPoint\",\"urlTemplate\":\"https:\/\/www.advecco.at\/?s={search_term_string}\"},\"query-input\":{\"@type\":\"PropertyValueSpecification\",\"valueRequired\":true,\"valueName\":\"search_term_string\"}}],\"inLanguage\":\"en-GB\"},{\"@type\":[\"Person\",\"Organization\"],\"@id\":\"https:\/\/www.advecco.at\/#\/schema\/person\/d5111723428f49d1e1b495337568ba8e\",\"name\":\"Arben Ibishi\",\"image\":{\"@type\":\"ImageObject\",\"inLanguage\":\"en-GB\",\"@id\":\"https:\/\/www.advecco.at\/#\/schema\/person\/image\/\",\"url\":\"https:\/\/www.advecco.at\/wp-content\/uploads\/2024\/05\/download-4.png\",\"contentUrl\":\"https:\/\/www.advecco.at\/wp-content\/uploads\/2024\/05\/download-4.png\",\"width\":2666,\"height\":754,\"caption\":\"Arben Ibishi\"},\"logo\":{\"@id\":\"https:\/\/www.advecco.at\/#\/schema\/person\/image\/\"},\"sameAs\":[\"https:\/\/www.advecco.at\/\"]}]}<\/script>\n<!-- \/ Yoast SEO plugin. -->","yoast_head_json":{"title":"Cookies - A D V E C C O","robots":{"index":"index","follow":"follow","max-snippet":"max-snippet:-1","max-image-preview":"max-image-preview:large","max-video-preview":"max-video-preview:-1"},"canonical":"https:\/\/www.advecco.at\/en\/cookies\/","og_locale":"en_GB","og_type":"article","og_title":"Cookies - A D V E C C O","og_description":"Unsere Website verwendet Cookies, um die Benutzererfahrung zu verbessern und bestimmteFunktionen zu erm\u00f6glichen. Cookies sind kleine Textdateien, die auf Ihrem Endger\u00e4tgespeichert werden und die eine Analyse der Benutzung der Website durch Sie erm\u00f6glichen. Arten von Cookies 1. Notwendige CookiesDiese Cookies sind erforderlich, um die grundlegenden Funktionen der Website zugew\u00e4hrleisten.2. Funktionale CookiesDiese Cookies erm\u00f6glichen es uns,...","og_url":"https:\/\/www.advecco.at\/en\/cookies\/","og_site_name":"A D V E C C O","article_modified_time":"2024-06-13T14:25:47+00:00","twitter_card":"summary_large_image","twitter_misc":{"Estimated reading time":"2 minutes"},"schema":{"@context":"https:\/\/schema.org","@graph":[{"@type":"WebPage","@id":"https:\/\/www.advecco.at\/cookies\/","url":"https:\/\/www.advecco.at\/cookies\/","name":"Cookies - A D V E C C O","isPartOf":{"@id":"https:\/\/www.advecco.at\/#website"},"datePublished":"2024-06-13T14:13:16+00:00","dateModified":"2024-06-13T14:25:47+00:00","breadcrumb":{"@id":"https:\/\/www.advecco.at\/cookies\/#breadcrumb"},"inLanguage":"en-GB","potentialAction":[{"@type":"ReadAction","target":["https:\/\/www.advecco.at\/cookies\/"]}]},{"@type":"BreadcrumbList","@id":"https:\/\/www.advecco.at\/cookies\/#breadcrumb","itemListElement":[{"@type":"ListItem","position":1,"name":"Home","item":"https:\/\/www.advecco.at\/"},{"@type":"ListItem","position":2,"name":"Cookies"}]},{"@type":"WebSite","@id":"https:\/\/www.advecco.at\/#website","url":"https:\/\/www.advecco.at\/","name":"A D V E C C O","description":"","publisher":{"@id":"https:\/\/www.advecco.at\/#\/schema\/person\/d5111723428f49d1e1b495337568ba8e"},"alternateName":"https:\/\/www.advecco.at\/","potentialAction":[{"@type":"SearchAction","target":{"@type":"EntryPoint","urlTemplate":"https:\/\/www.advecco.at\/?s={search_term_string}"},"query-input":{"@type":"PropertyValueSpecification","valueRequired":true,"valueName":"search_term_string"}}],"inLanguage":"en-GB"},{"@type":["Person","Organization"],"@id":"https:\/\/www.advecco.at\/#\/schema\/person\/d5111723428f49d1e1b495337568ba8e","name":"Arben Ibishi","image":{"@type":"ImageObject","inLanguage":"en-GB","@id":"https:\/\/www.advecco.at\/#\/schema\/person\/image\/","url":"https:\/\/www.advecco.at\/wp-content\/uploads\/2024\/05\/download-4.png","contentUrl":"https:\/\/www.advecco.at\/wp-content\/uploads\/2024\/05\/download-4.png","width":2666,"height":754,"caption":"Arben Ibishi"},"logo":{"@id":"https:\/\/www.advecco.at\/#\/schema\/person\/image\/"},"sameAs":["https:\/\/www.advecco.at\/"]}]}},"_links":{"self":[{"href":"https:\/\/www.advecco.at\/en\/wp-json\/wp\/v2\/pages\/1356","targetHints":{"allow":["GET"]}}],"collection":[{"href":"https:\/\/www.advecco.at\/en\/wp-json\/wp\/v2\/pages"}],"about":[{"href":"https:\/\/www.advecco.at\/en\/wp-json\/wp\/v2\/types\/page"}],"author":[{"embeddable":true,"href":"https:\/\/www.advecco.at\/en\/wp-json\/wp\/v2\/users\/1"}],"replies":[{"embeddable":true,"href":"https:\/\/www.advecco.at\/en\/wp-json\/wp\/v2\/comments?post=1356"}],"version-history":[{"count":7,"href":"https:\/\/www.advecco.at\/en\/wp-json\/wp\/v2\/pages\/1356\/revisions"}],"predecessor-version":[{"id":1365,"href":"https:\/\/www.advecco.at\/en\/wp-json\/wp\/v2\/pages\/1356\/revisions\/1365"}],"wp:attachment":[{"href":"https:\/\/www.advecco.at\/en\/wp-json\/wp\/v2\/media?parent=1356"}],"curies":[{"name":"wp","href":"https:\/\/api.w.org\/{rel}","templated":true}]}}